{"id":1095,"date":"2025-01-31T13:30:18","date_gmt":"2025-01-31T12:30:18","guid":{"rendered":"https:\/\/www.qumo-conseil.fr\/?page_id=1095"},"modified":"2025-02-04T10:52:48","modified_gmt":"2025-02-04T09:52:48","slug":"assistance-qumo","status":"publish","type":"page","link":"https:\/\/www.qumo-conseil.fr\/index.php\/assistance-qumo\/","title":{"rendered":"Assistance"},"content":{"rendered":"\t\t<div data-elementor-type=\"wp-page\" data-elementor-id=\"1095\" class=\"elementor elementor-1095\" data-elementor-post-type=\"page\">\n\t\t\t\t<div class=\"elementor-element elementor-element-d2492bd e-flex e-con-boxed e-con e-parent\" data-id=\"d2492bd\" data-element_type=\"container\">\n\t\t\t\t\t<div class=\"e-con-inner\">\n\t\t\t\t<div class=\"elementor-element elementor-element-ceb99bb elementor-widget elementor-widget-spacer\" data-id=\"ceb99bb\" data-element_type=\"widget\" data-widget_type=\"spacer.default\">\n\t\t\t\t<div class=\"elementor-widget-container\">\n\t\t\t\t\t\t\t<div class=\"elementor-spacer\">\n\t\t\t<div class=\"elementor-spacer-inner\"><\/div>\n\t\t<\/div>\n\t\t\t\t\t\t<\/div>\n\t\t\t\t<\/div>\n\t\t\t\t\t<\/div>\n\t\t\t\t<\/div>\n\t\t<div class=\"elementor-element elementor-element-9d41e32 e-flex e-con-boxed e-con e-parent\" data-id=\"9d41e32\" data-element_type=\"container\">\n\t\t\t\t\t<div class=\"e-con-inner\">\n\t\t<div class=\"elementor-element elementor-element-ca891ee e-grid e-con-full e-con e-child\" data-id=\"ca891ee\" data-element_type=\"container\">\n\t\t<div class=\"elementor-element elementor-element-d1c1967 e-con-full e-flex elementor-invisible e-con e-child\" data-id=\"d1c1967\" data-element_type=\"container\" data-settings=\"{&quot;animation&quot;:&quot;fadeInLeft&quot;,&quot;background_background&quot;:&quot;slideshow&quot;,&quot;background_slideshow_gallery&quot;:[{&quot;id&quot;:196,&quot;url&quot;:&quot;https:\\\/\\\/www.qumo-conseil.fr\\\/wp-content\\\/uploads\\\/2024\\\/12\\\/Ellipse-2167.svg&quot;}],&quot;background_slideshow_loop&quot;:&quot;yes&quot;,&quot;background_slideshow_slide_duration&quot;:5000,&quot;background_slideshow_slide_transition&quot;:&quot;fade&quot;,&quot;background_slideshow_transition_duration&quot;:500}\">\n\t\t\t\t<div class=\"elementor-element elementor-element-a2e438f elementor-widget__width-initial elementor-widget elementor-widget-heading\" data-id=\"a2e438f\" data-element_type=\"widget\" data-widget_type=\"heading.default\">\n\t\t\t\t<div class=\"elementor-widget-container\">\n\t\t\t\t\t<h2 class=\"elementor-heading-title elementor-size-default\">TeamViewer QS<\/h2>\t\t\t\t<\/div>\n\t\t\t\t<\/div>\n\t\t\t\t<div class=\"elementor-element elementor-element-6629925 elementor-widget elementor-widget-heading\" data-id=\"6629925\" data-element_type=\"widget\" data-widget_type=\"heading.default\">\n\t\t\t\t<div class=\"elementor-widget-container\">\n\t\t\t\t\t<div class=\"elementor-heading-title elementor-size-default\">TeamViewer QS (QuickSupport) est con\u00e7ue pour permettre \u00e0 un utilisateur de se connecter rapidement \u00e0 un autre ordinateur \u00e0 distance.<\/div>\t\t\t\t<\/div>\n\t\t\t\t<\/div>\n\t\t\t\t<div class=\"elementor-element elementor-element-9ec2dcc elementor-align-center elementor-widget elementor-widget-button\" data-id=\"9ec2dcc\" data-element_type=\"widget\" data-widget_type=\"button.default\">\n\t\t\t\t<div class=\"elementor-widget-container\">\n\t\t\t\t\t\t\t\t\t<div class=\"elementor-button-wrapper\">\n\t\t\t\t\t<a class=\"elementor-button elementor-button-link elementor-size-sm\" href=\"https:\/\/get.teamviewer.com\/66ubdz8\">\n\t\t\t\t\t\t<span class=\"elementor-button-content-wrapper\">\n\t\t\t\t\t\t\t\t\t<span class=\"elementor-button-text\">Cliquer ici<\/span>\n\t\t\t\t\t<\/span>\n\t\t\t\t\t<\/a>\n\t\t\t\t<\/div>\n\t\t\t\t\t\t\t\t<\/div>\n\t\t\t\t<\/div>\n\t\t\t\t<\/div>\n\t\t<div class=\"elementor-element elementor-element-30bfbb9 e-con-full e-flex elementor-invisible e-con e-child\" data-id=\"30bfbb9\" data-element_type=\"container\" data-settings=\"{&quot;animation&quot;:&quot;fadeInLeft&quot;,&quot;background_background&quot;:&quot;slideshow&quot;,&quot;background_slideshow_gallery&quot;:[{&quot;id&quot;:196,&quot;url&quot;:&quot;https:\\\/\\\/www.qumo-conseil.fr\\\/wp-content\\\/uploads\\\/2024\\\/12\\\/Ellipse-2167.svg&quot;}],&quot;background_slideshow_loop&quot;:&quot;yes&quot;,&quot;background_slideshow_slide_duration&quot;:5000,&quot;background_slideshow_slide_transition&quot;:&quot;fade&quot;,&quot;background_slideshow_transition_duration&quot;:500}\">\n\t\t\t\t<div class=\"elementor-element elementor-element-63d25fa elementor-widget__width-initial elementor-widget elementor-widget-heading\" data-id=\"63d25fa\" data-element_type=\"widget\" data-widget_type=\"heading.default\">\n\t\t\t\t<div class=\"elementor-widget-container\">\n\t\t\t\t\t<h2 class=\"elementor-heading-title elementor-size-default\">TeamViewer Host<\/h2>\t\t\t\t<\/div>\n\t\t\t\t<\/div>\n\t\t\t\t<div class=\"elementor-element elementor-element-7127984 elementor-widget elementor-widget-heading\" data-id=\"7127984\" data-element_type=\"widget\" data-widget_type=\"heading.default\">\n\t\t\t\t<div class=\"elementor-widget-container\">\n\t\t\t\t\t<div class=\"elementor-heading-title elementor-size-default\">TeamViewer est con\u00e7u pour \u00eatre install\u00e9e sur un appareil \u00e0 distance (comme un serveur ou un PC), permettant une connexion permanente et un acc\u00e8s \u00e0 distance sans intervention de l'utilisateur.<\/div>\t\t\t\t<\/div>\n\t\t\t\t<\/div>\n\t\t\t\t<div class=\"elementor-element elementor-element-c09df9a elementor-align-center elementor-widget elementor-widget-button\" data-id=\"c09df9a\" data-element_type=\"widget\" data-widget_type=\"button.default\">\n\t\t\t\t<div class=\"elementor-widget-container\">\n\t\t\t\t\t\t\t\t\t<div class=\"elementor-button-wrapper\">\n\t\t\t\t\t<a class=\"elementor-button elementor-button-link elementor-size-sm\" href=\"https:\/\/get.teamviewer.com\/6t3d6ir\">\n\t\t\t\t\t\t<span class=\"elementor-button-content-wrapper\">\n\t\t\t\t\t\t\t\t\t<span class=\"elementor-button-text\">Cliquer ici<\/span>\n\t\t\t\t\t<\/span>\n\t\t\t\t\t<\/a>\n\t\t\t\t<\/div>\n\t\t\t\t\t\t\t\t<\/div>\n\t\t\t\t<\/div>\n\t\t\t\t<\/div>\n\t\t\t\t<\/div>\n\t\t\t\t\t<\/div>\n\t\t\t\t<\/div>\n\t\t\t\t<\/div>\n\t\t","protected":false},"excerpt":{"rendered":"<p>TeamViewer QS TeamViewer QS (QuickSupport) est con\u00e7ue pour permettre \u00e0 un utilisateur de se connecter rapidement \u00e0 un autre ordinateur \u00e0 distance. Cliquer ici TeamViewer Host TeamViewer est con\u00e7u pour \u00eatre install\u00e9e sur un appareil \u00e0 distance (comme un serveur ou un PC), permettant une connexion permanente et un acc\u00e8s \u00e0 distance sans intervention de [&hellip;]<\/p>\n","protected":false},"author":2,"featured_media":0,"parent":0,"menu_order":0,"comment_status":"closed","ping_status":"closed","template":"","meta":{"inline_featured_image":false,"footnotes":""},"class_list":["post-1095","page","type-page","status-publish","hentry"],"yoast_head":"<!-- This site is optimized with the Yoast SEO plugin v26.5 - https:\/\/yoast.com\/wordpress\/plugins\/seo\/ -->\n<title>Assistance - QUMO<\/title>\n<meta name=\"description\" content=\"Votre assistant pour tous vos projets informatiques \u00e0 Villefranche-sur-Sa\u00f4ne et la r\u00e9gion caladoise.\" \/>\n<meta name=\"robots\" content=\"index, follow, max-snippet:-1, max-image-preview:large, max-video-preview:-1\" \/>\n<link rel=\"canonical\" href=\"https:\/\/www.qumo-conseil.fr\/index.php\/assistance-qumo\/\" \/>\n<meta property=\"og:locale\" content=\"fr_FR\" \/>\n<meta property=\"og:type\" content=\"article\" \/>\n<meta property=\"og:title\" content=\"Assistance - QUMO\" \/>\n<meta property=\"og:description\" content=\"Votre assistant pour tous vos projets informatiques \u00e0 Villefranche-sur-Sa\u00f4ne et la r\u00e9gion caladoise.\" \/>\n<meta property=\"og:url\" content=\"https:\/\/www.qumo-conseil.fr\/index.php\/assistance-qumo\/\" \/>\n<meta property=\"og:site_name\" content=\"QUMO\" \/>\n<meta property=\"article:modified_time\" content=\"2025-02-04T09:52:48+00:00\" \/>\n<meta name=\"twitter:card\" content=\"summary_large_image\" \/>\n<meta name=\"twitter:label1\" content=\"Dur\u00e9e de lecture estim\u00e9e\" \/>\n\t<meta name=\"twitter:data1\" content=\"1 minute\" \/>\n<script type=\"application\/ld+json\" class=\"yoast-schema-graph\">{\"@context\":\"https:\/\/schema.org\",\"@graph\":[{\"@type\":\"WebPage\",\"@id\":\"https:\/\/www.qumo-conseil.fr\/index.php\/assistance-qumo\/\",\"url\":\"https:\/\/www.qumo-conseil.fr\/index.php\/assistance-qumo\/\",\"name\":\"Assistance - QUMO\",\"isPartOf\":{\"@id\":\"https:\/\/www.qumo-conseil.fr\/#website\"},\"datePublished\":\"2025-01-31T12:30:18+00:00\",\"dateModified\":\"2025-02-04T09:52:48+00:00\",\"description\":\"Votre assistant pour tous vos projets informatiques \u00e0 Villefranche-sur-Sa\u00f4ne et la r\u00e9gion caladoise.\",\"breadcrumb\":{\"@id\":\"https:\/\/www.qumo-conseil.fr\/index.php\/assistance-qumo\/#breadcrumb\"},\"inLanguage\":\"fr-FR\",\"potentialAction\":[{\"@type\":\"ReadAction\",\"target\":[\"https:\/\/www.qumo-conseil.fr\/index.php\/assistance-qumo\/\"]}]},{\"@type\":\"BreadcrumbList\",\"@id\":\"https:\/\/www.qumo-conseil.fr\/index.php\/assistance-qumo\/#breadcrumb\",\"itemListElement\":[{\"@type\":\"ListItem\",\"position\":1,\"name\":\"Accueil\",\"item\":\"https:\/\/www.qumo-conseil.fr\/\"},{\"@type\":\"ListItem\",\"position\":2,\"name\":\"Assistance\"}]},{\"@type\":\"WebSite\",\"@id\":\"https:\/\/www.qumo-conseil.fr\/#website\",\"url\":\"https:\/\/www.qumo-conseil.fr\/\",\"name\":\"QUMO\",\"description\":\"Boostez votre IT avec QuMo, expert de r\u00e9f\u00e9rence en r\u00e9gion caladoise et lyonnaise !\",\"publisher\":{\"@id\":\"https:\/\/www.qumo-conseil.fr\/#organization\"},\"potentialAction\":[{\"@type\":\"SearchAction\",\"target\":{\"@type\":\"EntryPoint\",\"urlTemplate\":\"https:\/\/www.qumo-conseil.fr\/?s={search_term_string}\"},\"query-input\":{\"@type\":\"PropertyValueSpecification\",\"valueRequired\":true,\"valueName\":\"search_term_string\"}}],\"inLanguage\":\"fr-FR\"},{\"@type\":\"Organization\",\"@id\":\"https:\/\/www.qumo-conseil.fr\/#organization\",\"name\":\"QUMO\",\"url\":\"https:\/\/www.qumo-conseil.fr\/\",\"logo\":{\"@type\":\"ImageObject\",\"inLanguage\":\"fr-FR\",\"@id\":\"https:\/\/www.qumo-conseil.fr\/#\/schema\/logo\/image\/\",\"url\":\"https:\/\/www.qumo-conseil.fr\/wp-content\/uploads\/2024\/12\/Blanc.svg\",\"contentUrl\":\"https:\/\/www.qumo-conseil.fr\/wp-content\/uploads\/2024\/12\/Blanc.svg\",\"width\":3758,\"height\":1427,\"caption\":\"QUMO\"},\"image\":{\"@id\":\"https:\/\/www.qumo-conseil.fr\/#\/schema\/logo\/image\/\"}}]}<\/script>\n<!-- \/ Yoast SEO plugin. -->","yoast_head_json":{"title":"Assistance - QUMO","description":"Votre assistant pour tous vos projets informatiques \u00e0 Villefranche-sur-Sa\u00f4ne et la r\u00e9gion caladoise.","robots":{"index":"index","follow":"follow","max-snippet":"max-snippet:-1","max-image-preview":"max-image-preview:large","max-video-preview":"max-video-preview:-1"},"canonical":"https:\/\/www.qumo-conseil.fr\/index.php\/assistance-qumo\/","og_locale":"fr_FR","og_type":"article","og_title":"Assistance - QUMO","og_description":"Votre assistant pour tous vos projets informatiques \u00e0 Villefranche-sur-Sa\u00f4ne et la r\u00e9gion caladoise.","og_url":"https:\/\/www.qumo-conseil.fr\/index.php\/assistance-qumo\/","og_site_name":"QUMO","article_modified_time":"2025-02-04T09:52:48+00:00","twitter_card":"summary_large_image","twitter_misc":{"Dur\u00e9e de lecture estim\u00e9e":"1 minute"},"schema":{"@context":"https:\/\/schema.org","@graph":[{"@type":"WebPage","@id":"https:\/\/www.qumo-conseil.fr\/index.php\/assistance-qumo\/","url":"https:\/\/www.qumo-conseil.fr\/index.php\/assistance-qumo\/","name":"Assistance - QUMO","isPartOf":{"@id":"https:\/\/www.qumo-conseil.fr\/#website"},"datePublished":"2025-01-31T12:30:18+00:00","dateModified":"2025-02-04T09:52:48+00:00","description":"Votre assistant pour tous vos projets informatiques \u00e0 Villefranche-sur-Sa\u00f4ne et la r\u00e9gion caladoise.","breadcrumb":{"@id":"https:\/\/www.qumo-conseil.fr\/index.php\/assistance-qumo\/#breadcrumb"},"inLanguage":"fr-FR","potentialAction":[{"@type":"ReadAction","target":["https:\/\/www.qumo-conseil.fr\/index.php\/assistance-qumo\/"]}]},{"@type":"BreadcrumbList","@id":"https:\/\/www.qumo-conseil.fr\/index.php\/assistance-qumo\/#breadcrumb","itemListElement":[{"@type":"ListItem","position":1,"name":"Accueil","item":"https:\/\/www.qumo-conseil.fr\/"},{"@type":"ListItem","position":2,"name":"Assistance"}]},{"@type":"WebSite","@id":"https:\/\/www.qumo-conseil.fr\/#website","url":"https:\/\/www.qumo-conseil.fr\/","name":"QUMO","description":"Boostez votre IT avec QuMo, expert de r\u00e9f\u00e9rence en r\u00e9gion caladoise et lyonnaise !","publisher":{"@id":"https:\/\/www.qumo-conseil.fr\/#organization"},"potentialAction":[{"@type":"SearchAction","target":{"@type":"EntryPoint","urlTemplate":"https:\/\/www.qumo-conseil.fr\/?s={search_term_string}"},"query-input":{"@type":"PropertyValueSpecification","valueRequired":true,"valueName":"search_term_string"}}],"inLanguage":"fr-FR"},{"@type":"Organization","@id":"https:\/\/www.qumo-conseil.fr\/#organization","name":"QUMO","url":"https:\/\/www.qumo-conseil.fr\/","logo":{"@type":"ImageObject","inLanguage":"fr-FR","@id":"https:\/\/www.qumo-conseil.fr\/#\/schema\/logo\/image\/","url":"https:\/\/www.qumo-conseil.fr\/wp-content\/uploads\/2024\/12\/Blanc.svg","contentUrl":"https:\/\/www.qumo-conseil.fr\/wp-content\/uploads\/2024\/12\/Blanc.svg","width":3758,"height":1427,"caption":"QUMO"},"image":{"@id":"https:\/\/www.qumo-conseil.fr\/#\/schema\/logo\/image\/"}}]}},"_links":{"self":[{"href":"https:\/\/www.qumo-conseil.fr\/index.php\/wp-json\/wp\/v2\/pages\/1095","targetHints":{"allow":["GET"]}}],"collection":[{"href":"https:\/\/www.qumo-conseil.fr\/index.php\/wp-json\/wp\/v2\/pages"}],"about":[{"href":"https:\/\/www.qumo-conseil.fr\/index.php\/wp-json\/wp\/v2\/types\/page"}],"author":[{"embeddable":true,"href":"https:\/\/www.qumo-conseil.fr\/index.php\/wp-json\/wp\/v2\/users\/2"}],"replies":[{"embeddable":true,"href":"https:\/\/www.qumo-conseil.fr\/index.php\/wp-json\/wp\/v2\/comments?post=1095"}],"version-history":[{"count":13,"href":"https:\/\/www.qumo-conseil.fr\/index.php\/wp-json\/wp\/v2\/pages\/1095\/revisions"}],"predecessor-version":[{"id":1243,"href":"https:\/\/www.qumo-conseil.fr\/index.php\/wp-json\/wp\/v2\/pages\/1095\/revisions\/1243"}],"wp:attachment":[{"href":"https:\/\/www.qumo-conseil.fr\/index.php\/wp-json\/wp\/v2\/media?parent=1095"}],"curies":[{"name":"wp","href":"https:\/\/api.w.org\/{rel}","templated":true}]}}