{"id":248,"date":"2024-12-18T23:32:36","date_gmt":"2024-12-18T22:32:36","guid":{"rendered":"https:\/\/phpelmf.cluster027.hosting.ovh.net\/?page_id=248"},"modified":"2025-03-11T22:04:52","modified_gmt":"2025-03-11T21:04:52","slug":"contact-qumo","status":"publish","type":"page","link":"https:\/\/www.qumo-conseil.fr\/index.php\/contact-qumo\/","title":{"rendered":"Contact"},"content":{"rendered":"\t\t<div data-elementor-type=\"wp-page\" data-elementor-id=\"248\" class=\"elementor elementor-248\" data-elementor-post-type=\"page\">\n\t\t\t\t<div class=\"elementor-element elementor-element-ac345e8 e-flex e-con-boxed e-con e-parent\" data-id=\"ac345e8\" data-element_type=\"container\" data-settings=\"{&quot;background_background&quot;:&quot;classic&quot;}\">\n\t\t\t\t\t<div class=\"e-con-inner\">\n\t\t<div class=\"elementor-element elementor-element-3e9b708d e-flex e-con-boxed e-con e-child\" data-id=\"3e9b708d\" data-element_type=\"container\">\n\t\t\t\t\t<div class=\"e-con-inner\">\n\t\t\t\t<div class=\"elementor-element elementor-element-5a4b3550 elementor-invisible elementor-widget elementor-widget-heading\" data-id=\"5a4b3550\" data-element_type=\"widget\" data-settings=\"{&quot;_animation&quot;:&quot;fadeInDown&quot;,&quot;_animation_delay&quot;:200}\" data-widget_type=\"heading.default\">\n\t\t\t\t<div class=\"elementor-widget-container\">\n\t\t\t\t\t<h1 class=\"elementor-heading-title elementor-size-default\">Contact<\/h1>\t\t\t\t<\/div>\n\t\t\t\t<\/div>\n\t\t\t\t<div class=\"elementor-element elementor-element-8707a54 elementor-widget elementor-widget-image\" data-id=\"8707a54\" data-element_type=\"widget\" data-widget_type=\"image.default\">\n\t\t\t\t<div class=\"elementor-widget-container\">\n\t\t\t\t\t\t\t\t\t\t\t\t\t\t\t<img decoding=\"async\" width=\"425\" height=\"19\" src=\"https:\/\/www.qumo-conseil.fr\/wp-content\/uploads\/2024\/12\/Vector-2.png\" class=\"attachment-large size-large wp-image-187\" alt=\"\" srcset=\"https:\/\/www.qumo-conseil.fr\/wp-content\/uploads\/2024\/12\/Vector-2.png 425w, https:\/\/www.qumo-conseil.fr\/wp-content\/uploads\/2024\/12\/Vector-2-300x13.png 300w\" sizes=\"(max-width: 425px) 100vw, 425px\" \/>\t\t\t\t\t\t\t\t\t\t\t\t\t\t\t<\/div>\n\t\t\t\t<\/div>\n\t\t\t\t\t<\/div>\n\t\t\t\t<\/div>\n\t\t<div class=\"elementor-element elementor-element-f0a1fea e-con-full e-flex e-con e-child\" data-id=\"f0a1fea\" data-element_type=\"container\">\n\t\t<div class=\"elementor-element elementor-element-1e18a9c e-grid e-con-full e-con e-child\" data-id=\"1e18a9c\" data-element_type=\"container\">\n\t\t<div class=\"elementor-element elementor-element-3ce15737 e-con-full e-flex elementor-invisible e-con e-child\" data-id=\"3ce15737\" data-element_type=\"container\" data-settings=\"{&quot;animation&quot;:&quot;fadeInLeft&quot;}\">\n\t\t\t\t<div class=\"elementor-element elementor-element-afb0b7f elementor-widget elementor-widget-image\" data-id=\"afb0b7f\" data-element_type=\"widget\" data-widget_type=\"image.default\">\n\t\t\t\t<div class=\"elementor-widget-container\">\n\t\t\t\t\t\t\t\t\t\t\t\t\t\t\t<img fetchpriority=\"high\" decoding=\"async\" width=\"800\" height=\"304\" src=\"https:\/\/www.qumo-conseil.fr\/wp-content\/uploads\/2025\/01\/Gris-violet-1024x389.png\" class=\"attachment-large size-large wp-image-1179\" alt=\"\" srcset=\"https:\/\/www.qumo-conseil.fr\/wp-content\/uploads\/2025\/01\/Gris-violet-1024x389.png 1024w, https:\/\/www.qumo-conseil.fr\/wp-content\/uploads\/2025\/01\/Gris-violet-300x114.png 300w, https:\/\/www.qumo-conseil.fr\/wp-content\/uploads\/2025\/01\/Gris-violet-768x292.png 768w, https:\/\/www.qumo-conseil.fr\/wp-content\/uploads\/2025\/01\/Gris-violet-1536x583.png 1536w, https:\/\/www.qumo-conseil.fr\/wp-content\/uploads\/2025\/01\/Gris-violet-2048x778.png 2048w\" sizes=\"(max-width: 800px) 100vw, 800px\" \/>\t\t\t\t\t\t\t\t\t\t\t\t\t\t\t<\/div>\n\t\t\t\t<\/div>\n\t\t\t\t<div class=\"elementor-element elementor-element-204ed55 elementor-widget elementor-widget-heading\" data-id=\"204ed55\" data-element_type=\"widget\" data-widget_type=\"heading.default\">\n\t\t\t\t<div class=\"elementor-widget-container\">\n\t\t\t\t\t<div class=\"elementor-heading-title elementor-size-default\">Pour un rendez-vous rapide et facile, cliquez sur le lien ci-dessous.<\/div>\t\t\t\t<\/div>\n\t\t\t\t<\/div>\n\t\t\t\t<div class=\"elementor-element elementor-element-eca6bf9 elementor-align-center elementor-widget elementor-widget-button\" data-id=\"eca6bf9\" data-element_type=\"widget\" data-widget_type=\"button.default\">\n\t\t\t\t<div class=\"elementor-widget-container\">\n\t\t\t\t\t\t\t\t\t<div class=\"elementor-button-wrapper\">\n\t\t\t\t\t<a class=\"elementor-button elementor-button-link elementor-size-sm\" href=\"https:\/\/outlook.office365.com\/book\/Prenezrendezvous@qumo-conseil.fr\/\" target=\"_blank\">\n\t\t\t\t\t\t<span class=\"elementor-button-content-wrapper\">\n\t\t\t\t\t\t\t\t\t<span class=\"elementor-button-text\">Prendre RDV<\/span>\n\t\t\t\t\t<\/span>\n\t\t\t\t\t<\/a>\n\t\t\t\t<\/div>\n\t\t\t\t\t\t\t\t<\/div>\n\t\t\t\t<\/div>\n\t\t\t\t<\/div>\n\t\t<div class=\"elementor-element elementor-element-35c01715 e-con-full e-flex elementor-invisible e-con e-child\" data-id=\"35c01715\" data-element_type=\"container\" data-settings=\"{&quot;animation&quot;:&quot;fadeInRight&quot;,&quot;background_background&quot;:&quot;gradient&quot;}\">\n\t\t\t\t<div class=\"elementor-element elementor-element-64fa270b elementor-widget__width-initial elementor-widget elementor-widget-heading\" data-id=\"64fa270b\" data-element_type=\"widget\" data-widget_type=\"heading.default\">\n\t\t\t\t<div class=\"elementor-widget-container\">\n\t\t\t\t\t<h2 class=\"elementor-heading-title elementor-size-default\">Mes solutions de contact<\/h2>\t\t\t\t<\/div>\n\t\t\t\t<\/div>\n\t\t\t\t<div class=\"elementor-element elementor-element-77761bc elementor-icon-list--layout-traditional elementor-list-item-link-full_width elementor-widget elementor-widget-icon-list\" data-id=\"77761bc\" data-element_type=\"widget\" data-widget_type=\"icon-list.default\">\n\t\t\t\t<div class=\"elementor-widget-container\">\n\t\t\t\t\t\t\t<ul class=\"elementor-icon-list-items\">\n\t\t\t\t\t\t\t<li class=\"elementor-icon-list-item\">\n\t\t\t\t\t\t\t\t\t\t\t<a href=\"tel:0423323030\">\n\n\t\t\t\t\t\t\t\t\t\t\t\t<span class=\"elementor-icon-list-icon\">\n\t\t\t\t\t\t\t<svg xmlns=\"http:\/\/www.w3.org\/2000\/svg\" width=\"16\" height=\"16\" viewBox=\"0 0 16 16\" fill=\"none\"><rect x=\"0.5\" y=\"0.5\" width=\"15\" height=\"15\" rx=\"7.5\" fill=\"white\"><\/rect><rect x=\"0.5\" y=\"0.5\" width=\"15\" height=\"15\" rx=\"7.5\" fill=\"url(#paint0_linear_164_114)\"><\/rect><rect x=\"0.5\" y=\"0.5\" width=\"15\" height=\"15\" rx=\"7.5\" stroke=\"url(#paint1_linear_164_114)\"><\/rect><defs><linearGradient id=\"paint0_linear_164_114\" x1=\"-2.56604\" y1=\"17.3622\" x2=\"16.9388\" y2=\"16.6638\" gradientUnits=\"userSpaceOnUse\"><stop stop-color=\"#090EDB\"><\/stop><stop offset=\"1\" stop-color=\"#E73DC4\"><\/stop><\/linearGradient><linearGradient id=\"paint1_linear_164_114\" x1=\"-2.56604\" y1=\"17.3622\" x2=\"16.9388\" y2=\"16.6638\" gradientUnits=\"userSpaceOnUse\"><stop stop-color=\"#090EDB\"><\/stop><stop offset=\"1\" stop-color=\"#E73DC4\"><\/stop><\/linearGradient><\/defs><\/svg>\t\t\t\t\t\t<\/span>\n\t\t\t\t\t\t\t\t\t\t<span class=\"elementor-icon-list-text\">04 23 32 30 30<\/span>\n\t\t\t\t\t\t\t\t\t\t\t<\/a>\n\t\t\t\t\t\t\t\t\t<\/li>\n\t\t\t\t\t\t\t\t<li class=\"elementor-icon-list-item\">\n\t\t\t\t\t\t\t\t\t\t\t<a href=\"mailto:contact@qumo-conseil.fr\">\n\n\t\t\t\t\t\t\t\t\t\t\t\t<span class=\"elementor-icon-list-icon\">\n\t\t\t\t\t\t\t<svg xmlns=\"http:\/\/www.w3.org\/2000\/svg\" width=\"16\" height=\"16\" viewBox=\"0 0 16 16\" fill=\"none\"><rect x=\"0.5\" y=\"0.5\" width=\"15\" height=\"15\" rx=\"7.5\" fill=\"white\"><\/rect><rect x=\"0.5\" y=\"0.5\" width=\"15\" height=\"15\" rx=\"7.5\" fill=\"url(#paint0_linear_164_114)\"><\/rect><rect x=\"0.5\" y=\"0.5\" width=\"15\" height=\"15\" rx=\"7.5\" stroke=\"url(#paint1_linear_164_114)\"><\/rect><defs><linearGradient id=\"paint0_linear_164_114\" x1=\"-2.56604\" y1=\"17.3622\" x2=\"16.9388\" y2=\"16.6638\" gradientUnits=\"userSpaceOnUse\"><stop stop-color=\"#090EDB\"><\/stop><stop offset=\"1\" stop-color=\"#E73DC4\"><\/stop><\/linearGradient><linearGradient id=\"paint1_linear_164_114\" x1=\"-2.56604\" y1=\"17.3622\" x2=\"16.9388\" y2=\"16.6638\" gradientUnits=\"userSpaceOnUse\"><stop stop-color=\"#090EDB\"><\/stop><stop offset=\"1\" stop-color=\"#E73DC4\"><\/stop><\/linearGradient><\/defs><\/svg>\t\t\t\t\t\t<\/span>\n\t\t\t\t\t\t\t\t\t\t<span class=\"elementor-icon-list-text\">contact@qumo-conseil.fr<\/span>\n\t\t\t\t\t\t\t\t\t\t\t<\/a>\n\t\t\t\t\t\t\t\t\t<\/li>\n\t\t\t\t\t\t\t\t<li class=\"elementor-icon-list-item\">\n\t\t\t\t\t\t\t\t\t\t\t<a href=\"https:\/\/www.linkedin.com\/company\/qumo-conseil\/posts\/?feedView=all\">\n\n\t\t\t\t\t\t\t\t\t\t\t\t<span class=\"elementor-icon-list-icon\">\n\t\t\t\t\t\t\t<svg xmlns=\"http:\/\/www.w3.org\/2000\/svg\" width=\"16\" height=\"16\" viewBox=\"0 0 16 16\" fill=\"none\"><rect x=\"0.5\" y=\"0.5\" width=\"15\" height=\"15\" rx=\"7.5\" fill=\"white\"><\/rect><rect x=\"0.5\" y=\"0.5\" width=\"15\" height=\"15\" rx=\"7.5\" fill=\"url(#paint0_linear_164_114)\"><\/rect><rect x=\"0.5\" y=\"0.5\" width=\"15\" height=\"15\" rx=\"7.5\" stroke=\"url(#paint1_linear_164_114)\"><\/rect><defs><linearGradient id=\"paint0_linear_164_114\" x1=\"-2.56604\" y1=\"17.3622\" x2=\"16.9388\" y2=\"16.6638\" gradientUnits=\"userSpaceOnUse\"><stop stop-color=\"#090EDB\"><\/stop><stop offset=\"1\" stop-color=\"#E73DC4\"><\/stop><\/linearGradient><linearGradient id=\"paint1_linear_164_114\" x1=\"-2.56604\" y1=\"17.3622\" x2=\"16.9388\" y2=\"16.6638\" gradientUnits=\"userSpaceOnUse\"><stop stop-color=\"#090EDB\"><\/stop><stop offset=\"1\" stop-color=\"#E73DC4\"><\/stop><\/linearGradient><\/defs><\/svg>\t\t\t\t\t\t<\/span>\n\t\t\t\t\t\t\t\t\t\t<span class=\"elementor-icon-list-text\">QuMo Conseil<\/span>\n\t\t\t\t\t\t\t\t\t\t\t<\/a>\n\t\t\t\t\t\t\t\t\t<\/li>\n\t\t\t\t\t\t<\/ul>\n\t\t\t\t\t\t<\/div>\n\t\t\t\t<\/div>\n\t\t\t\t<div class=\"elementor-element elementor-element-41f39a9 elementor-widget elementor-widget-spacer\" data-id=\"41f39a9\" data-element_type=\"widget\" data-widget_type=\"spacer.default\">\n\t\t\t\t<div class=\"elementor-widget-container\">\n\t\t\t\t\t\t\t<div class=\"elementor-spacer\">\n\t\t\t<div class=\"elementor-spacer-inner\"><\/div>\n\t\t<\/div>\n\t\t\t\t\t\t<\/div>\n\t\t\t\t<\/div>\n\t\t\t\t<\/div>\n\t\t\t\t<\/div>\n\t\t\t\t<\/div>\n\t\t\t\t\t<\/div>\n\t\t\t\t<\/div>\n\t\t\t\t<\/div>\n\t\t","protected":false},"excerpt":{"rendered":"<p>Pour un rendez-vous rapide et facile, cliquez sur le lien ci-dessous. Prendre RDV Mes solutions de contact 04 23 32 30 30 contact@qumo-conseil.fr QuMo Conseil<\/p>\n","protected":false},"author":3,"featured_media":0,"parent":0,"menu_order":0,"comment_status":"closed","ping_status":"closed","template":"","meta":{"inline_featured_image":false,"footnotes":""},"class_list":["post-248","page","type-page","status-publish","hentry"],"yoast_head":"<!-- This site is optimized with the Yoast SEO plugin v26.5 - https:\/\/yoast.com\/wordpress\/plugins\/seo\/ -->\n<title>Contact - QUMO<\/title>\n<meta name=\"description\" content=\"Prenez contact avec nos experts pour toutes vos solutions informatiques \u00e0 Villefranche-sur-Sa\u00f4ne et la r\u00e9gion caladoise.\" \/>\n<meta name=\"robots\" content=\"index, follow, max-snippet:-1, max-image-preview:large, max-video-preview:-1\" \/>\n<link rel=\"canonical\" href=\"https:\/\/www.qumo-conseil.fr\/index.php\/contact-qumo\/\" \/>\n<meta property=\"og:locale\" content=\"fr_FR\" \/>\n<meta property=\"og:type\" content=\"article\" \/>\n<meta property=\"og:title\" content=\"Contact - QUMO\" \/>\n<meta property=\"og:description\" content=\"Prenez contact avec nos experts pour toutes vos solutions informatiques \u00e0 Villefranche-sur-Sa\u00f4ne et la r\u00e9gion caladoise.\" \/>\n<meta property=\"og:url\" content=\"https:\/\/www.qumo-conseil.fr\/index.php\/contact-qumo\/\" \/>\n<meta property=\"og:site_name\" content=\"QUMO\" \/>\n<meta property=\"article:modified_time\" content=\"2025-03-11T21:04:52+00:00\" \/>\n<meta property=\"og:image\" content=\"https:\/\/www.qumo-conseil.fr\/wp-content\/uploads\/2024\/12\/Vector-2.png\" \/>\n\t<meta property=\"og:image:width\" content=\"425\" \/>\n\t<meta property=\"og:image:height\" content=\"19\" \/>\n\t<meta property=\"og:image:type\" content=\"image\/png\" \/>\n<meta name=\"twitter:card\" content=\"summary_large_image\" \/>\n<meta name=\"twitter:label1\" content=\"Dur\u00e9e de lecture estim\u00e9e\" \/>\n\t<meta name=\"twitter:data1\" content=\"1 minute\" \/>\n<script type=\"application\/ld+json\" class=\"yoast-schema-graph\">{\"@context\":\"https:\/\/schema.org\",\"@graph\":[{\"@type\":\"WebPage\",\"@id\":\"https:\/\/www.qumo-conseil.fr\/index.php\/contact-qumo\/\",\"url\":\"https:\/\/www.qumo-conseil.fr\/index.php\/contact-qumo\/\",\"name\":\"Contact - QUMO\",\"isPartOf\":{\"@id\":\"https:\/\/www.qumo-conseil.fr\/#website\"},\"primaryImageOfPage\":{\"@id\":\"https:\/\/www.qumo-conseil.fr\/index.php\/contact-qumo\/#primaryimage\"},\"image\":{\"@id\":\"https:\/\/www.qumo-conseil.fr\/index.php\/contact-qumo\/#primaryimage\"},\"thumbnailUrl\":\"https:\/\/www.qumo-conseil.fr\/wp-content\/uploads\/2024\/12\/Vector-2.png\",\"datePublished\":\"2024-12-18T22:32:36+00:00\",\"dateModified\":\"2025-03-11T21:04:52+00:00\",\"description\":\"Prenez contact avec nos experts pour toutes vos solutions informatiques \u00e0 Villefranche-sur-Sa\u00f4ne et la r\u00e9gion caladoise.\",\"breadcrumb\":{\"@id\":\"https:\/\/www.qumo-conseil.fr\/index.php\/contact-qumo\/#breadcrumb\"},\"inLanguage\":\"fr-FR\",\"potentialAction\":[{\"@type\":\"ReadAction\",\"target\":[\"https:\/\/www.qumo-conseil.fr\/index.php\/contact-qumo\/\"]}]},{\"@type\":\"ImageObject\",\"inLanguage\":\"fr-FR\",\"@id\":\"https:\/\/www.qumo-conseil.fr\/index.php\/contact-qumo\/#primaryimage\",\"url\":\"https:\/\/www.qumo-conseil.fr\/wp-content\/uploads\/2024\/12\/Vector-2.png\",\"contentUrl\":\"https:\/\/www.qumo-conseil.fr\/wp-content\/uploads\/2024\/12\/Vector-2.png\",\"width\":425,\"height\":19},{\"@type\":\"BreadcrumbList\",\"@id\":\"https:\/\/www.qumo-conseil.fr\/index.php\/contact-qumo\/#breadcrumb\",\"itemListElement\":[{\"@type\":\"ListItem\",\"position\":1,\"name\":\"Accueil\",\"item\":\"https:\/\/www.qumo-conseil.fr\/\"},{\"@type\":\"ListItem\",\"position\":2,\"name\":\"Contact\"}]},{\"@type\":\"WebSite\",\"@id\":\"https:\/\/www.qumo-conseil.fr\/#website\",\"url\":\"https:\/\/www.qumo-conseil.fr\/\",\"name\":\"QUMO\",\"description\":\"Boostez votre IT avec QuMo, expert de r\u00e9f\u00e9rence en r\u00e9gion caladoise et lyonnaise !\",\"publisher\":{\"@id\":\"https:\/\/www.qumo-conseil.fr\/#organization\"},\"potentialAction\":[{\"@type\":\"SearchAction\",\"target\":{\"@type\":\"EntryPoint\",\"urlTemplate\":\"https:\/\/www.qumo-conseil.fr\/?s={search_term_string}\"},\"query-input\":{\"@type\":\"PropertyValueSpecification\",\"valueRequired\":true,\"valueName\":\"search_term_string\"}}],\"inLanguage\":\"fr-FR\"},{\"@type\":\"Organization\",\"@id\":\"https:\/\/www.qumo-conseil.fr\/#organization\",\"name\":\"QUMO\",\"url\":\"https:\/\/www.qumo-conseil.fr\/\",\"logo\":{\"@type\":\"ImageObject\",\"inLanguage\":\"fr-FR\",\"@id\":\"https:\/\/www.qumo-conseil.fr\/#\/schema\/logo\/image\/\",\"url\":\"https:\/\/www.qumo-conseil.fr\/wp-content\/uploads\/2024\/12\/Blanc.svg\",\"contentUrl\":\"https:\/\/www.qumo-conseil.fr\/wp-content\/uploads\/2024\/12\/Blanc.svg\",\"width\":3758,\"height\":1427,\"caption\":\"QUMO\"},\"image\":{\"@id\":\"https:\/\/www.qumo-conseil.fr\/#\/schema\/logo\/image\/\"}}]}<\/script>\n<!-- \/ Yoast SEO plugin. -->","yoast_head_json":{"title":"Contact - QUMO","description":"Prenez contact avec nos experts pour toutes vos solutions informatiques \u00e0 Villefranche-sur-Sa\u00f4ne et la r\u00e9gion caladoise.","robots":{"index":"index","follow":"follow","max-snippet":"max-snippet:-1","max-image-preview":"max-image-preview:large","max-video-preview":"max-video-preview:-1"},"canonical":"https:\/\/www.qumo-conseil.fr\/index.php\/contact-qumo\/","og_locale":"fr_FR","og_type":"article","og_title":"Contact - QUMO","og_description":"Prenez contact avec nos experts pour toutes vos solutions informatiques \u00e0 Villefranche-sur-Sa\u00f4ne et la r\u00e9gion caladoise.","og_url":"https:\/\/www.qumo-conseil.fr\/index.php\/contact-qumo\/","og_site_name":"QUMO","article_modified_time":"2025-03-11T21:04:52+00:00","og_image":[{"width":425,"height":19,"url":"https:\/\/www.qumo-conseil.fr\/wp-content\/uploads\/2024\/12\/Vector-2.png","type":"image\/png"}],"twitter_card":"summary_large_image","twitter_misc":{"Dur\u00e9e de lecture estim\u00e9e":"1 minute"},"schema":{"@context":"https:\/\/schema.org","@graph":[{"@type":"WebPage","@id":"https:\/\/www.qumo-conseil.fr\/index.php\/contact-qumo\/","url":"https:\/\/www.qumo-conseil.fr\/index.php\/contact-qumo\/","name":"Contact - QUMO","isPartOf":{"@id":"https:\/\/www.qumo-conseil.fr\/#website"},"primaryImageOfPage":{"@id":"https:\/\/www.qumo-conseil.fr\/index.php\/contact-qumo\/#primaryimage"},"image":{"@id":"https:\/\/www.qumo-conseil.fr\/index.php\/contact-qumo\/#primaryimage"},"thumbnailUrl":"https:\/\/www.qumo-conseil.fr\/wp-content\/uploads\/2024\/12\/Vector-2.png","datePublished":"2024-12-18T22:32:36+00:00","dateModified":"2025-03-11T21:04:52+00:00","description":"Prenez contact avec nos experts pour toutes vos solutions informatiques \u00e0 Villefranche-sur-Sa\u00f4ne et la r\u00e9gion caladoise.","breadcrumb":{"@id":"https:\/\/www.qumo-conseil.fr\/index.php\/contact-qumo\/#breadcrumb"},"inLanguage":"fr-FR","potentialAction":[{"@type":"ReadAction","target":["https:\/\/www.qumo-conseil.fr\/index.php\/contact-qumo\/"]}]},{"@type":"ImageObject","inLanguage":"fr-FR","@id":"https:\/\/www.qumo-conseil.fr\/index.php\/contact-qumo\/#primaryimage","url":"https:\/\/www.qumo-conseil.fr\/wp-content\/uploads\/2024\/12\/Vector-2.png","contentUrl":"https:\/\/www.qumo-conseil.fr\/wp-content\/uploads\/2024\/12\/Vector-2.png","width":425,"height":19},{"@type":"BreadcrumbList","@id":"https:\/\/www.qumo-conseil.fr\/index.php\/contact-qumo\/#breadcrumb","itemListElement":[{"@type":"ListItem","position":1,"name":"Accueil","item":"https:\/\/www.qumo-conseil.fr\/"},{"@type":"ListItem","position":2,"name":"Contact"}]},{"@type":"WebSite","@id":"https:\/\/www.qumo-conseil.fr\/#website","url":"https:\/\/www.qumo-conseil.fr\/","name":"QUMO","description":"Boostez votre IT avec QuMo, expert de r\u00e9f\u00e9rence en r\u00e9gion caladoise et lyonnaise !","publisher":{"@id":"https:\/\/www.qumo-conseil.fr\/#organization"},"potentialAction":[{"@type":"SearchAction","target":{"@type":"EntryPoint","urlTemplate":"https:\/\/www.qumo-conseil.fr\/?s={search_term_string}"},"query-input":{"@type":"PropertyValueSpecification","valueRequired":true,"valueName":"search_term_string"}}],"inLanguage":"fr-FR"},{"@type":"Organization","@id":"https:\/\/www.qumo-conseil.fr\/#organization","name":"QUMO","url":"https:\/\/www.qumo-conseil.fr\/","logo":{"@type":"ImageObject","inLanguage":"fr-FR","@id":"https:\/\/www.qumo-conseil.fr\/#\/schema\/logo\/image\/","url":"https:\/\/www.qumo-conseil.fr\/wp-content\/uploads\/2024\/12\/Blanc.svg","contentUrl":"https:\/\/www.qumo-conseil.fr\/wp-content\/uploads\/2024\/12\/Blanc.svg","width":3758,"height":1427,"caption":"QUMO"},"image":{"@id":"https:\/\/www.qumo-conseil.fr\/#\/schema\/logo\/image\/"}}]}},"_links":{"self":[{"href":"https:\/\/www.qumo-conseil.fr\/index.php\/wp-json\/wp\/v2\/pages\/248","targetHints":{"allow":["GET"]}}],"collection":[{"href":"https:\/\/www.qumo-conseil.fr\/index.php\/wp-json\/wp\/v2\/pages"}],"about":[{"href":"https:\/\/www.qumo-conseil.fr\/index.php\/wp-json\/wp\/v2\/types\/page"}],"author":[{"embeddable":true,"href":"https:\/\/www.qumo-conseil.fr\/index.php\/wp-json\/wp\/v2\/users\/3"}],"replies":[{"embeddable":true,"href":"https:\/\/www.qumo-conseil.fr\/index.php\/wp-json\/wp\/v2\/comments?post=248"}],"version-history":[{"count":64,"href":"https:\/\/www.qumo-conseil.fr\/index.php\/wp-json\/wp\/v2\/pages\/248\/revisions"}],"predecessor-version":[{"id":1471,"href":"https:\/\/www.qumo-conseil.fr\/index.php\/wp-json\/wp\/v2\/pages\/248\/revisions\/1471"}],"wp:attachment":[{"href":"https:\/\/www.qumo-conseil.fr\/index.php\/wp-json\/wp\/v2\/media?parent=248"}],"curies":[{"name":"wp","href":"https:\/\/api.w.org\/{rel}","templated":true}]}}