{"id":585,"date":"2025-01-08T22:23:57","date_gmt":"2025-01-08T21:23:57","guid":{"rendered":"https:\/\/phpelmf.cluster027.hosting.ovh.net\/?page_id=585"},"modified":"2025-01-24T15:29:13","modified_gmt":"2025-01-24T14:29:13","slug":"gestion-des-cookies","status":"publish","type":"page","link":"https:\/\/www.qumo-conseil.fr\/index.php\/gestion-des-cookies\/","title":{"rendered":"Gestion des cookies"},"content":{"rendered":"\t\t<div data-elementor-type=\"wp-page\" data-elementor-id=\"585\" class=\"elementor elementor-585\" data-elementor-post-type=\"page\">\n\t\t\t\t<div class=\"elementor-element elementor-element-5af0cf2 e-flex e-con-boxed e-con e-parent\" data-id=\"5af0cf2\" data-element_type=\"container\" data-settings=\"{&quot;background_background&quot;:&quot;slideshow&quot;,&quot;background_slideshow_gallery&quot;:[{&quot;id&quot;:196,&quot;url&quot;:&quot;https:\\\/\\\/www.qumo-conseil.fr\\\/wp-content\\\/uploads\\\/2024\\\/12\\\/Ellipse-2167.svg&quot;}],&quot;background_slideshow_loop&quot;:&quot;yes&quot;,&quot;background_slideshow_slide_duration&quot;:5000,&quot;background_slideshow_slide_transition&quot;:&quot;fade&quot;,&quot;background_slideshow_transition_duration&quot;:500}\">\n\t\t\t\t\t<div class=\"e-con-inner\">\n\t\t<div class=\"elementor-element elementor-element-8598fe4 e-con-full e-flex e-con e-child\" data-id=\"8598fe4\" data-element_type=\"container\">\n\t\t<div class=\"elementor-element elementor-element-c134eb6 e-con-full e-flex e-con e-child\" data-id=\"c134eb6\" data-element_type=\"container\">\n\t\t\t\t<div class=\"elementor-element elementor-element-546d8b4 elementor-invisible elementor-widget elementor-widget-heading\" data-id=\"546d8b4\" data-element_type=\"widget\" data-settings=\"{&quot;_animation&quot;:&quot;fadeInDown&quot;,&quot;_animation_delay&quot;:200}\" data-widget_type=\"heading.default\">\n\t\t\t\t<div class=\"elementor-widget-container\">\n\t\t\t\t\t<h1 class=\"elementor-heading-title elementor-size-default\">Mentions l\u00e9gales<\/h1>\t\t\t\t<\/div>\n\t\t\t\t<\/div>\n\t\t\t\t<div class=\"elementor-element elementor-element-430c83a elementor-widget elementor-widget-image\" data-id=\"430c83a\" data-element_type=\"widget\" data-widget_type=\"image.default\">\n\t\t\t\t<div class=\"elementor-widget-container\">\n\t\t\t\t\t\t\t\t\t\t\t\t\t\t\t<img decoding=\"async\" width=\"425\" height=\"19\" src=\"https:\/\/www.qumo-conseil.fr\/wp-content\/uploads\/2024\/12\/Vector-2.png\" class=\"attachment-large size-large wp-image-187\" alt=\"\" srcset=\"https:\/\/www.qumo-conseil.fr\/wp-content\/uploads\/2024\/12\/Vector-2.png 425w, https:\/\/www.qumo-conseil.fr\/wp-content\/uploads\/2024\/12\/Vector-2-300x13.png 300w\" sizes=\"(max-width: 425px) 100vw, 425px\" \/>\t\t\t\t\t\t\t\t\t\t\t\t\t\t\t<\/div>\n\t\t\t\t<\/div>\n\t\t\t\t<\/div>\n\t\t<div class=\"elementor-element elementor-element-3f677a8 e-con-full e-flex e-con e-child\" data-id=\"3f677a8\" data-element_type=\"container\">\n\t\t\t\t<div class=\"elementor-element elementor-element-ae9f022 elementor-widget elementor-widget-text-editor\" data-id=\"ae9f022\" data-element_type=\"widget\" data-widget_type=\"text-editor.default\">\n\t\t\t\t<div class=\"elementor-widget-container\">\n\t\t\t\t\t\t\t\t\t<div class=\"cms-custom-heading-wrap heading2 text-left vc_custom_heading heading2_uppercase \"><div class=\"wpb_text_column wpb_content_element cms_text_block\"><div class=\"wpb_wrapper \">Lors de votre premier acc\u00e8s au site Internet : <a href=\"https:\/\/www.qumo-conseil.fr\/\">https:\/\/www.qumo-conseil.fr\/<\/a>, un bandeau situ\u00e9 en bas de page vous informe que des donn\u00e9es relatives \u00e0 votre navigation vont \u00eatre enregistr\u00e9es sur des fichiers sp\u00e9cifiques d\u00e9nomm\u00e9s \u00ab cookies \u00bb ou fichiers de connexion. Afin de mieux vous informer sur leur r\u00f4le, les contraintes li\u00e9es \u00e0 leur acceptation ou leur refus et les d\u00e9marches \u00e0 suivre pour bloquer leur installation sur votre ordinateur,\u00a0<strong>SARL QuMo Conseil<\/strong>\u00a0vous pr\u00e9sente sa politique de gestion des cookies, \u00e9tablie dans le cadre du R\u00e8glement G\u00e9n\u00e9ral pour la protection des Donn\u00e9es (RGPD).<div class=\"wpb_column vc_column_container vc_col-sm-12\"><div class=\"vc_column-inner\"><div class=\"wpb_wrapper\">\u00a0<\/div><\/div><\/div><div class=\"cms-custom-heading-wrap heading2 text-left vc_custom_heading heading2_uppercase \"><p class=\"cmsc-custom-heading vc_custom_heading\"><strong>1\u00b0 LE R\u00d4LE DES COOKIES OU FICHIERS DE CONNEXION<\/strong><\/p><\/div>Les cookies permettent de collecter les informations concernant votre consultation du site Internet (<a href=\"https:\/\/www.qumo-conseil.fr\/\">https:\/\/www.qumo-conseil.fr\/<\/a>) dans le but d\u2019ajuster et d\u2019orienter au mieux votre navigation. G\u00e9r\u00e9s par le navigateur, les fichiers de connexion permettent de d\u00e9terminer pr\u00e9cis\u00e9ment les services et informations que vous recherchez \u00e0 partir des rubriques et des pages que vous consultez. Pour une utilisation optimale du site Internet et de ses services, diff\u00e9rents types de cookies sont utilis\u00e9s en fonction de leurs finalit\u00e9s :<ul><li>les cookies de session sont principalement install\u00e9s sur les sites marchands pour sauvegarder durant toute la s\u00e9quence de navigation, certaines donn\u00e9es saisies en amont,<\/li><li>les cookies fonctionnels prennent en compte les pr\u00e9f\u00e9rences de navigation (langue, r\u00e9solution d\u2019\u00e9cran\u2026), ou g\u00e8rent les informations saisies lors de s\u00e9ances de navigation pr\u00e9c\u00e9dentes (identifiants de connexion, services souscrits, donn\u00e9es saisies\u2026),<\/li><li>les cookies analytiques permettent de comptabiliser les internautes tout en analysant leur comportement durant la visite du site Internet afin de g\u00e9n\u00e9rer des statistiques de fr\u00e9quentation,<\/li><li>les cookies tiers sont d\u00e9pos\u00e9s sur le navigateur de l\u2019internaute par des r\u00e9gies publicitaires ou des partenaires du site Internet, ainsi que par les r\u00e9seaux sociaux et les plateformes vid\u00e9os en lien avec ledit site.<\/li><\/ul>Les donn\u00e9es collect\u00e9es par les fichiers de connexion ne permettent pas de vous identifier de mani\u00e8re nominative, elles sont uniquement utilis\u00e9es pour le bon fonctionnement du site Internet et ne sont jamais communiqu\u00e9es par\u00a0<strong>SARL QuMo Conseil<\/strong><strong>\u00a0<\/strong>\u00e0 d\u2019autres structures.<div class=\"wpb_column vc_column_container vc_col-sm-12\"><div class=\"vc_column-inner\"><div class=\"wpb_wrapper\">\u00a0<\/div><\/div><\/div><div class=\"cms-custom-heading-wrap heading2 text-left vc_custom_heading heading2_uppercase \"><p class=\"cmsc-custom-heading vc_custom_heading\"><strong>2\u00b0 LES COOKIES PR\u00c9SENTS SUR LE SITE<\/strong><\/p><\/div>Selon leur nature et le type de donn\u00e9es qu\u2019ils collectent, les cookies utilis\u00e9s sur le site Internet <a href=\"https:\/\/www.qumo-conseil.fr\/\">https:\/\/www.qumo-conseil.fr\/<\/a>\u00a0requi\u00e8rent votre consentement pour leur utilisation ou en sont au contraire dispens\u00e9s.<\/div><div>\u00a0<\/div><div class=\"wpb_wrapper \"><strong>2.1\u00b0 Les cookies fonctionnels<\/strong>\u00a0<\/div><div>\u00a0<\/div><div class=\"wpb_wrapper \">La Commission Nationale de l\u2019Informatique et des Libert\u00e9s (CNIL) pr\u00e9conise de dispenser du recueil du consentement les cookies n\u00e9cessaires au bon fonctionnement du site Internet ou ayant pour seule finalit\u00e9 de faciliter la communication par voie \u00e9lectronique. Cela concerne principalement les cookies d\u2019identifiant de session, les cookies de session pour lecteur multim\u00e9dia, les cookies d\u2019authentification, les cookies de session d\u2019\u00e9quilibrage de charge ou cr\u00e9\u00e9s ainsi que des cookies de personnalisation de votre interface utilisateur.\u00a0<\/div><div>\u00a0<\/div><div class=\"wpb_wrapper \"><strong>2.2\u00b0 Les cookies de tracking<\/strong><\/div><div class=\"wpb_wrapper \">Selon la l\u00e9gislation en vigueur confirm\u00e9e par le RGPD tous les cookies permettant le ciblage ou le profilage n\u00e9cessitent avant leur envoi sur votre navigateur : le recueil de votre consentement, la possibilit\u00e9 de vous opposer \u00e0 leur utilisation, l\u2019information que la poursuite de la navigation vaut accord au d\u00e9p\u00f4t de cookies sur votre terminal. Cela concerne \u00e0 la fois les cookies de mesure d\u2019audience (Analytics) et les cookies de partage sur les r\u00e9seaux sociaux (Facebook\u2026), ces cookies sont donc soumis aux politiques de confidentialit\u00e9 des \u00e9diteurs de ces applications logicielles.<\/div><div>\u00a0<\/div><div class=\"wpb_wrapper \"><strong>2.2.1\u00b0 Les cookies de mesure d\u2019audience<\/strong><\/div><div class=\"wpb_wrapper \">Les cookies de Google Analytics permettent d\u2019\u00e9tablir des statistiques relatives \u00e0 l\u2019utilisation du site Internet : <a href=\"https:\/\/www.qumo-conseil.fr\/\">https:\/\/www.qumo-conseil.fr\/<\/a>. Ils ont \u00e9t\u00e9 param\u00e9tr\u00e9s de fa\u00e7on \u00e0 collecter des donn\u00e9es rendant facultatif le recueil de votre consentement :<ul><li>les cookies d\u00e9pos\u00e9s servent uniquement \u00e0 la production de statistiques anonymes, l\u2019adresse IP permettant de vous g\u00e9olocaliser n\u2019est pas plus pr\u00e9cise que l\u2019\u00e9chelle de la ville, concr\u00e8tement les deux derniers octets de l\u2019adresse IP sont supprim\u00e9s,<\/li><li>les cookies permettant l\u2019\u00e9tablir votre tra\u00e7abilit\u00e9 ainsi que vos adresses IP ne sont pas conserv\u00e9s au-del\u00e0 de 13 mois \u00e0 compter de la premi\u00e8re visite.<\/li><\/ul>La politique de confidentialit\u00e9 de Google Analytics est disponible \u00e0 l\u2019adresse suivante : https:\/\/policies.google.com\/privacy?hl=fr.\u00a0<\/div><div>\u00a0<\/div><div class=\"wpb_wrapper \"><strong>2.2.2\u00b0 Les cookies de partage de donn\u00e9es<\/strong>\u00a0<\/div><div class=\"wpb_wrapper \">Les cookies de partage sur les r\u00e9seaux sociaux (Facebook\u2026) sont \u00e9mis et g\u00e9r\u00e9s par les \u00e9diteurs des applications. Sous r\u00e9serve de votre consentement, ces cookies permettent de partager ais\u00e9ment des contenus publi\u00e9s sur le site Internet : <a href=\"https:\/\/www.qumo-conseil.fr\/\">https:\/\/www.qumo-conseil.fr\/<\/a>\u00a0au moyen des boutons applicatifs d\u00e9di\u00e9s. Les politiques de confidentialit\u00e9 des r\u00e9seaux sociaux sont disponibles sur les pages suivantes :<ul><li>Facebook : https:\/\/fr-fr.facebook.com\/privacy\/explanation<\/li><li>Twitter : https:\/\/twitter.com\/fr\/privacy#update<\/li><li>Pinterest : https:\/\/policy.pinterest.com\/fr\/privacy-policy<\/li><li>Instagram : https:\/\/help.instagram.com\/519522125107875<\/li><li>LinkedIn : https:\/\/www.linkedin.com\/legal\/privacy-policy?_l=fr_FR<\/li><\/ul><strong>2.2.3\u00b0 Les cookies de plateformes vid\u00e9o<\/strong>\u00a0<\/div><div class=\"wpb_wrapper \">Les cookies li\u00e9s \u00e0 la visualisation de vid\u00e9os sur YouTube sont \u00e9mis et g\u00e9r\u00e9s par l\u2019\u00e9diteur de la plateforme vid\u00e9o. Sous r\u00e9serve du consentement de votre, ces cookies sont envoy\u00e9s sur votre navigateur de l\u2019internaute lors de la lecture de vid\u00e9os publi\u00e9es sur le site Internet : <a href=\"https:\/\/www.qumo-conseil.fr\/\">https:\/\/www.qumo-conseil.fr\/<\/a>\u00a0et h\u00e9berg\u00e9es sur la plateforme. La politique de confidentialit\u00e9 de YouTube est disponible \u00e0 l\u2019adresse suivante : https:\/\/policies.google.com\/privacy?hl=fr-CA.<\/div><\/div><div class=\"wpb_column vc_column_container vc_col-sm-12\"><div class=\"vc_column-inner\"><div class=\"wpb_wrapper\">\u00a0<\/div><\/div><\/div><div class=\"cms-custom-heading-wrap heading2 text-left vc_custom_heading heading2_uppercase \"><p class=\"cmsc-custom-heading vc_custom_heading\"><strong>3\u00b0 L\u2019ACCEPTATION OU LE REFUS DES COOKIES<\/strong><\/p><\/div><div class=\"wpb_text_column wpb_content_element vc_custom_1621498045904 cms_text_block\"><div class=\"wpb_wrapper \">Lors de votre premi\u00e8re visite du site Internet <a href=\"https:\/\/www.qumo-conseil.fr\/\">https:\/\/www.qumo-conseil.fr\/<\/a>\u00a0un bandeau est affich\u00e9 en bas de page pour vous permettre d\u2019accepter ou de refuser les cookies. Ce bandeau comporte \u00e9galement les mentions relatives \u00e0 la finalit\u00e9 des envois des cookies sur votre navigateur Internet. Vous pouvez \u00e9galement param\u00e9trer votre navigateur Internet afin d\u2019\u00eatre averti lorsque des cookies vont \u00eatre d\u00e9pos\u00e9s avec la possibilit\u00e9 de les accepter ou de les refuser. En fonction du navigateur utilis\u00e9 la configuration de la gestion des cookies (acceptation ou refus) diff\u00e8re. Retrouvez ci-dessous les adresses des pages d\u00e9di\u00e9es pour chacun des principaux navigateurs :<ul><li><strong>Microsoft Edge<\/strong>\u00a0: https:\/\/support.microsoft.com\/fr-fr\/microsoft-edge\/supprimer-les-cookies-dans-microsoft-edge-63947406-40ac-c3b8-57b9-2a946a29ae09<\/li><li><strong>Google Chrome<\/strong>\u00a0: http:\/\/support.google.com\/chrome\/bin\/answer.py?hl=fr&amp;hlrm=en&amp;answer=95647<\/li><li><strong>Apple Safari<\/strong>\u00a0: https:\/\/www.apple.com\/fr\/legal\/privacy\/fr-ww\/cookies<\/li><li><strong>Mozilla Firefox<\/strong>\u00a0: http:\/\/support.mozilla.org\/fr\/kb\/Activer%20et%20d%C3%A9sactiver%20les%20cookies<\/li><li><strong>Opera :<\/strong>\u00a0http:\/\/help.opera.com\/Windows\/10.20\/fr\/cookies.html<\/li><li><strong>Brave<\/strong>\u00a0: https:\/\/brave.com\/fr\/privacy-updates\/21-blocking-cookie-notices<\/li><\/ul>A noter : Le refus des cookies peut emp\u00eacher la personnalisation de votre navigation sur le site Internet :<a href=\"https:\/\/www.qumo-conseil.fr\/\">https:\/\/www.qumo-conseil.fr\/<\/a>, il est donc important que vous configuriez votre navigateur en toute connaissance de cause.<\/div><\/div><div class=\"cms-custom-heading-wrap heading2 text-left vc_custom_heading heading2_uppercase \"><p class=\"cmsc-custom-heading vc_custom_heading\"><strong>4\u00b0 LA R\u00c9VOCATION DU CONSENTEMENT AUX COOKIES<\/strong><\/p><\/div><div class=\"wpb_text_column wpb_content_element vc_custom_1621498045904 cms_text_block\"><div class=\"wpb_wrapper \">Il est possible \u00e0 tout moment de r\u00e9voquer son consentements aux cookies\u00a0tiers et aux cookies analytiques.<div class=\"wpb_column vc_column_container vc_col-sm-12\"><div class=\"vc_column-inner\"><div class=\"wpb_wrapper\">\u00a0<\/div><\/div><\/div><div class=\"cms-custom-heading-wrap heading2 text-left vc_custom_heading heading2_uppercase \"><p class=\"cmsc-custom-heading vc_custom_heading\"><strong>5\u00b0 LA POLITIQUE DE CONFIDENTIALIT\u00c9<\/strong><\/p><p>Voir la page r\u00e9serv\u00e9e.\u00a0<\/p><\/div><\/div><\/div><\/div><div class=\"wpb_text_column wpb_content_element vc_custom_1621498045904 cms_text_block\"><div class=\"wpb_wrapper \">\u00a0<\/div><\/div><p><!-- \/wp:paragraph --><\/p>\t\t\t\t\t\t\t\t<\/div>\n\t\t\t\t<\/div>\n\t\t\t\t<\/div>\n\t\t\t\t<\/div>\n\t\t\t\t\t<\/div>\n\t\t\t\t<\/div>\n\t\t\t\t<\/div>\n\t\t","protected":false},"excerpt":{"rendered":"<p>Mentions l\u00e9gales Lors de votre premier acc\u00e8s au site Internet : https:\/\/www.qumo-conseil.fr\/, un bandeau situ\u00e9 en bas de page vous informe que des donn\u00e9es relatives \u00e0 votre navigation vont \u00eatre enregistr\u00e9es sur des fichiers sp\u00e9cifiques d\u00e9nomm\u00e9s \u00ab cookies \u00bb ou fichiers de connexion. Afin de mieux vous informer sur leur r\u00f4le, les contraintes li\u00e9es \u00e0 [&hellip;]<\/p>\n","protected":false},"author":2,"featured_media":0,"parent":0,"menu_order":0,"comment_status":"closed","ping_status":"closed","template":"","meta":{"inline_featured_image":false,"footnotes":""},"class_list":["post-585","page","type-page","status-publish","hentry"],"yoast_head":"<!-- This site is optimized with the Yoast SEO plugin v26.5 - https:\/\/yoast.com\/wordpress\/plugins\/seo\/ -->\n<title>Gestion des cookies - QUMO<\/title>\n<meta name=\"robots\" content=\"index, follow, max-snippet:-1, max-image-preview:large, max-video-preview:-1\" \/>\n<link rel=\"canonical\" href=\"https:\/\/www.qumo-conseil.fr\/index.php\/gestion-des-cookies\/\" \/>\n<meta property=\"og:locale\" content=\"fr_FR\" \/>\n<meta property=\"og:type\" content=\"article\" \/>\n<meta property=\"og:title\" content=\"Gestion des cookies - QUMO\" \/>\n<meta property=\"og:description\" content=\"Mentions l\u00e9gales Lors de votre premier acc\u00e8s au site Internet : https:\/\/www.qumo-conseil.fr\/, un bandeau situ\u00e9 en bas de page vous informe que des donn\u00e9es relatives \u00e0 votre navigation vont \u00eatre enregistr\u00e9es sur des fichiers sp\u00e9cifiques d\u00e9nomm\u00e9s \u00ab cookies \u00bb ou fichiers de connexion. Afin de mieux vous informer sur leur r\u00f4le, les contraintes li\u00e9es \u00e0 [&hellip;]\" \/>\n<meta property=\"og:url\" content=\"https:\/\/www.qumo-conseil.fr\/index.php\/gestion-des-cookies\/\" \/>\n<meta property=\"og:site_name\" content=\"QUMO\" \/>\n<meta property=\"article:modified_time\" content=\"2025-01-24T14:29:13+00:00\" \/>\n<meta property=\"og:image\" content=\"https:\/\/www.qumo-conseil.fr\/wp-content\/uploads\/2024\/12\/Vector-2.png\" \/>\n\t<meta property=\"og:image:width\" content=\"425\" \/>\n\t<meta property=\"og:image:height\" content=\"19\" \/>\n\t<meta property=\"og:image:type\" content=\"image\/png\" \/>\n<meta name=\"twitter:card\" content=\"summary_large_image\" \/>\n<meta name=\"twitter:label1\" content=\"Dur\u00e9e de lecture estim\u00e9e\" \/>\n\t<meta name=\"twitter:data1\" content=\"6 minutes\" \/>\n<script type=\"application\/ld+json\" class=\"yoast-schema-graph\">{\"@context\":\"https:\/\/schema.org\",\"@graph\":[{\"@type\":\"WebPage\",\"@id\":\"https:\/\/www.qumo-conseil.fr\/index.php\/gestion-des-cookies\/\",\"url\":\"https:\/\/www.qumo-conseil.fr\/index.php\/gestion-des-cookies\/\",\"name\":\"Gestion des cookies - QUMO\",\"isPartOf\":{\"@id\":\"https:\/\/www.qumo-conseil.fr\/#website\"},\"primaryImageOfPage\":{\"@id\":\"https:\/\/www.qumo-conseil.fr\/index.php\/gestion-des-cookies\/#primaryimage\"},\"image\":{\"@id\":\"https:\/\/www.qumo-conseil.fr\/index.php\/gestion-des-cookies\/#primaryimage\"},\"thumbnailUrl\":\"https:\/\/www.qumo-conseil.fr\/wp-content\/uploads\/2024\/12\/Vector-2.png\",\"datePublished\":\"2025-01-08T21:23:57+00:00\",\"dateModified\":\"2025-01-24T14:29:13+00:00\",\"breadcrumb\":{\"@id\":\"https:\/\/www.qumo-conseil.fr\/index.php\/gestion-des-cookies\/#breadcrumb\"},\"inLanguage\":\"fr-FR\",\"potentialAction\":[{\"@type\":\"ReadAction\",\"target\":[\"https:\/\/www.qumo-conseil.fr\/index.php\/gestion-des-cookies\/\"]}]},{\"@type\":\"ImageObject\",\"inLanguage\":\"fr-FR\",\"@id\":\"https:\/\/www.qumo-conseil.fr\/index.php\/gestion-des-cookies\/#primaryimage\",\"url\":\"https:\/\/www.qumo-conseil.fr\/wp-content\/uploads\/2024\/12\/Vector-2.png\",\"contentUrl\":\"https:\/\/www.qumo-conseil.fr\/wp-content\/uploads\/2024\/12\/Vector-2.png\",\"width\":425,\"height\":19},{\"@type\":\"BreadcrumbList\",\"@id\":\"https:\/\/www.qumo-conseil.fr\/index.php\/gestion-des-cookies\/#breadcrumb\",\"itemListElement\":[{\"@type\":\"ListItem\",\"position\":1,\"name\":\"Accueil\",\"item\":\"https:\/\/www.qumo-conseil.fr\/\"},{\"@type\":\"ListItem\",\"position\":2,\"name\":\"Gestion des cookies\"}]},{\"@type\":\"WebSite\",\"@id\":\"https:\/\/www.qumo-conseil.fr\/#website\",\"url\":\"https:\/\/www.qumo-conseil.fr\/\",\"name\":\"QUMO\",\"description\":\"Boostez votre IT avec QuMo, expert de r\u00e9f\u00e9rence en r\u00e9gion caladoise et lyonnaise !\",\"publisher\":{\"@id\":\"https:\/\/www.qumo-conseil.fr\/#organization\"},\"potentialAction\":[{\"@type\":\"SearchAction\",\"target\":{\"@type\":\"EntryPoint\",\"urlTemplate\":\"https:\/\/www.qumo-conseil.fr\/?s={search_term_string}\"},\"query-input\":{\"@type\":\"PropertyValueSpecification\",\"valueRequired\":true,\"valueName\":\"search_term_string\"}}],\"inLanguage\":\"fr-FR\"},{\"@type\":\"Organization\",\"@id\":\"https:\/\/www.qumo-conseil.fr\/#organization\",\"name\":\"QUMO\",\"url\":\"https:\/\/www.qumo-conseil.fr\/\",\"logo\":{\"@type\":\"ImageObject\",\"inLanguage\":\"fr-FR\",\"@id\":\"https:\/\/www.qumo-conseil.fr\/#\/schema\/logo\/image\/\",\"url\":\"https:\/\/www.qumo-conseil.fr\/wp-content\/uploads\/2024\/12\/Blanc.svg\",\"contentUrl\":\"https:\/\/www.qumo-conseil.fr\/wp-content\/uploads\/2024\/12\/Blanc.svg\",\"width\":3758,\"height\":1427,\"caption\":\"QUMO\"},\"image\":{\"@id\":\"https:\/\/www.qumo-conseil.fr\/#\/schema\/logo\/image\/\"}}]}<\/script>\n<!-- \/ Yoast SEO plugin. -->","yoast_head_json":{"title":"Gestion des cookies - QUMO","robots":{"index":"index","follow":"follow","max-snippet":"max-snippet:-1","max-image-preview":"max-image-preview:large","max-video-preview":"max-video-preview:-1"},"canonical":"https:\/\/www.qumo-conseil.fr\/index.php\/gestion-des-cookies\/","og_locale":"fr_FR","og_type":"article","og_title":"Gestion des cookies - QUMO","og_description":"Mentions l\u00e9gales Lors de votre premier acc\u00e8s au site Internet : https:\/\/www.qumo-conseil.fr\/, un bandeau situ\u00e9 en bas de page vous informe que des donn\u00e9es relatives \u00e0 votre navigation vont \u00eatre enregistr\u00e9es sur des fichiers sp\u00e9cifiques d\u00e9nomm\u00e9s \u00ab cookies \u00bb ou fichiers de connexion. Afin de mieux vous informer sur leur r\u00f4le, les contraintes li\u00e9es \u00e0 [&hellip;]","og_url":"https:\/\/www.qumo-conseil.fr\/index.php\/gestion-des-cookies\/","og_site_name":"QUMO","article_modified_time":"2025-01-24T14:29:13+00:00","og_image":[{"width":425,"height":19,"url":"https:\/\/www.qumo-conseil.fr\/wp-content\/uploads\/2024\/12\/Vector-2.png","type":"image\/png"}],"twitter_card":"summary_large_image","twitter_misc":{"Dur\u00e9e de lecture estim\u00e9e":"6 minutes"},"schema":{"@context":"https:\/\/schema.org","@graph":[{"@type":"WebPage","@id":"https:\/\/www.qumo-conseil.fr\/index.php\/gestion-des-cookies\/","url":"https:\/\/www.qumo-conseil.fr\/index.php\/gestion-des-cookies\/","name":"Gestion des cookies - QUMO","isPartOf":{"@id":"https:\/\/www.qumo-conseil.fr\/#website"},"primaryImageOfPage":{"@id":"https:\/\/www.qumo-conseil.fr\/index.php\/gestion-des-cookies\/#primaryimage"},"image":{"@id":"https:\/\/www.qumo-conseil.fr\/index.php\/gestion-des-cookies\/#primaryimage"},"thumbnailUrl":"https:\/\/www.qumo-conseil.fr\/wp-content\/uploads\/2024\/12\/Vector-2.png","datePublished":"2025-01-08T21:23:57+00:00","dateModified":"2025-01-24T14:29:13+00:00","breadcrumb":{"@id":"https:\/\/www.qumo-conseil.fr\/index.php\/gestion-des-cookies\/#breadcrumb"},"inLanguage":"fr-FR","potentialAction":[{"@type":"ReadAction","target":["https:\/\/www.qumo-conseil.fr\/index.php\/gestion-des-cookies\/"]}]},{"@type":"ImageObject","inLanguage":"fr-FR","@id":"https:\/\/www.qumo-conseil.fr\/index.php\/gestion-des-cookies\/#primaryimage","url":"https:\/\/www.qumo-conseil.fr\/wp-content\/uploads\/2024\/12\/Vector-2.png","contentUrl":"https:\/\/www.qumo-conseil.fr\/wp-content\/uploads\/2024\/12\/Vector-2.png","width":425,"height":19},{"@type":"BreadcrumbList","@id":"https:\/\/www.qumo-conseil.fr\/index.php\/gestion-des-cookies\/#breadcrumb","itemListElement":[{"@type":"ListItem","position":1,"name":"Accueil","item":"https:\/\/www.qumo-conseil.fr\/"},{"@type":"ListItem","position":2,"name":"Gestion des cookies"}]},{"@type":"WebSite","@id":"https:\/\/www.qumo-conseil.fr\/#website","url":"https:\/\/www.qumo-conseil.fr\/","name":"QUMO","description":"Boostez votre IT avec QuMo, expert de r\u00e9f\u00e9rence en r\u00e9gion caladoise et lyonnaise !","publisher":{"@id":"https:\/\/www.qumo-conseil.fr\/#organization"},"potentialAction":[{"@type":"SearchAction","target":{"@type":"EntryPoint","urlTemplate":"https:\/\/www.qumo-conseil.fr\/?s={search_term_string}"},"query-input":{"@type":"PropertyValueSpecification","valueRequired":true,"valueName":"search_term_string"}}],"inLanguage":"fr-FR"},{"@type":"Organization","@id":"https:\/\/www.qumo-conseil.fr\/#organization","name":"QUMO","url":"https:\/\/www.qumo-conseil.fr\/","logo":{"@type":"ImageObject","inLanguage":"fr-FR","@id":"https:\/\/www.qumo-conseil.fr\/#\/schema\/logo\/image\/","url":"https:\/\/www.qumo-conseil.fr\/wp-content\/uploads\/2024\/12\/Blanc.svg","contentUrl":"https:\/\/www.qumo-conseil.fr\/wp-content\/uploads\/2024\/12\/Blanc.svg","width":3758,"height":1427,"caption":"QUMO"},"image":{"@id":"https:\/\/www.qumo-conseil.fr\/#\/schema\/logo\/image\/"}}]}},"_links":{"self":[{"href":"https:\/\/www.qumo-conseil.fr\/index.php\/wp-json\/wp\/v2\/pages\/585","targetHints":{"allow":["GET"]}}],"collection":[{"href":"https:\/\/www.qumo-conseil.fr\/index.php\/wp-json\/wp\/v2\/pages"}],"about":[{"href":"https:\/\/www.qumo-conseil.fr\/index.php\/wp-json\/wp\/v2\/types\/page"}],"author":[{"embeddable":true,"href":"https:\/\/www.qumo-conseil.fr\/index.php\/wp-json\/wp\/v2\/users\/2"}],"replies":[{"embeddable":true,"href":"https:\/\/www.qumo-conseil.fr\/index.php\/wp-json\/wp\/v2\/comments?post=585"}],"version-history":[{"count":6,"href":"https:\/\/www.qumo-conseil.fr\/index.php\/wp-json\/wp\/v2\/pages\/585\/revisions"}],"predecessor-version":[{"id":1019,"href":"https:\/\/www.qumo-conseil.fr\/index.php\/wp-json\/wp\/v2\/pages\/585\/revisions\/1019"}],"wp:attachment":[{"href":"https:\/\/www.qumo-conseil.fr\/index.php\/wp-json\/wp\/v2\/media?parent=585"}],"curies":[{"name":"wp","href":"https:\/\/api.w.org\/{rel}","templated":true}]}}